{"id":94,"date":"2021-09-16T10:09:00","date_gmt":"2021-09-16T10:09:00","guid":{"rendered":"https:\/\/motile.flake.work\/motile\/"},"modified":"2022-05-17T10:18:26","modified_gmt":"2022-05-17T08:18:26","slug":"motile","status":"publish","type":"page","link":"https:\/\/motile.ch\/fr\/motile\/","title":{"rendered":"motile"},"content":{"rendered":"<p>&nbsp;<\/p>\n<h3>La capacit\u00e9 de se bouger<\/h3>\n<h3>sous le vent<\/h3>\n<h3>et par-dessus les cl\u00f4tures<\/h3>\n<h3>et entre<\/h3>\n<h3>le temps<\/h3>\n<h3>de pressentir quelque chose<\/h3>\n<h3>de fleurs, de possibilit\u00e9s<\/h3>\n<p>&nbsp;<\/p>\n<p>motile se consid\u00e8re comme une plateforme interm\u00e9diaire pour des visions.<\/p>\n<p>&nbsp;<\/p>\n<p>On y trouve<\/p>\n<p>au choix : Int\u00e9ress\u00e9s\/penseurs\/facteurs\/douteux\/inqui\u00e9tants\/chercheurs\/<br \/>\nobservateurs\/impos\u00e9s\/persistants\/connaisseurs\/&#8230;<\/p>\n<p>des visionnaires, des questions et des id\u00e9es, des d\u00e9sirs et des exp\u00e9riences.<br \/>\nIl n&#8217;y a pas de limites aux projets qui en d\u00e9coulent. Ils veulent rendre notre environnement<br \/>\nsensorielle accessible de toutes les mani\u00e8res possibles. L&#8217;environnement devient ainsi un monde commun.<br \/>\nTa question devient un livre sur le courage et l&#8217;endroit o\u00f9 nous le recueillons.<br \/>\nCe qui \u00e9tait autrefois un petit collectif lance maintenant des fils et invite \u00e0<br \/>\n\u00e0 se connecter. \u00c0 participer aux visions. Si tu as des questions ou des fantasmes fous,<br \/>\n\u00e9cris-nous volontiers\/imp\u00e9rativement et le r\u00e9seau continuera\/grandira.<\/p>\n","protected":false},"excerpt":{"rendered":"<p>&nbsp; La capacit\u00e9 de se bouger sous le vent et par-dessus les cl\u00f4tures et entre le temps de pressentir quelque chose de fleurs, de possibilit\u00e9s &nbsp; motile se consid\u00e8re comme une plateforme interm\u00e9diaire pour des visions. &nbsp; On y trouve au choix : Int\u00e9ress\u00e9s\/penseurs\/facteurs\/douteux\/inqui\u00e9tants\/chercheurs\/ observateurs\/impos\u00e9s\/persistants\/connaisseurs\/&#8230; des visionnaires, des questions et des id\u00e9es, des d\u00e9sirs et [&hellip;]<\/p>\n","protected":false},"author":1,"featured_media":0,"parent":0,"menu_order":0,"comment_status":"closed","ping_status":"closed","template":"template-motile.php","meta":{"_acf_changed":false,"inline_featured_image":false,"footnotes":""},"class_list":["post-94","page","type-page","status-publish","hentry"],"acf":[],"_links":{"self":[{"href":"https:\/\/motile.ch\/fr\/wp-json\/wp\/v2\/pages\/94","targetHints":{"allow":["GET"]}}],"collection":[{"href":"https:\/\/motile.ch\/fr\/wp-json\/wp\/v2\/pages"}],"about":[{"href":"https:\/\/motile.ch\/fr\/wp-json\/wp\/v2\/types\/page"}],"author":[{"embeddable":true,"href":"https:\/\/motile.ch\/fr\/wp-json\/wp\/v2\/users\/1"}],"replies":[{"embeddable":true,"href":"https:\/\/motile.ch\/fr\/wp-json\/wp\/v2\/comments?post=94"}],"version-history":[{"count":0,"href":"https:\/\/motile.ch\/fr\/wp-json\/wp\/v2\/pages\/94\/revisions"}],"wp:attachment":[{"href":"https:\/\/motile.ch\/fr\/wp-json\/wp\/v2\/media?parent=94"}],"curies":[{"name":"wp","href":"https:\/\/api.w.org\/{rel}","templated":true}]}}